{"id":49,"date":"2024-10-31T22:24:57","date_gmt":"2024-10-31T22:24:57","guid":{"rendered":"https:\/\/mb.nexus-its.com\/?page_id=49"},"modified":"2024-10-31T23:06:18","modified_gmt":"2024-10-31T23:06:18","slug":"produkty","status":"publish","type":"page","link":"https:\/\/mb.nexus-its.com\/?page_id=49","title":{"rendered":"Produkty"},"content":{"rendered":"\n<p>W naszej ofercie znajd\u0105 Pa\u0144stwo r\u00f3\u017cnorodne rodzaje miod\u00f3w, takie jak:<\/p>\n\n\n\n<ul class=\"wp-block-list\">\n<li><strong>Mi\u00f3d lipowy<\/strong> \u2013 o delikatnym, kwiatowym aromacie i subtelnym posmaku mi\u0119ty, idealny na przezi\u0119bienia i wzmocnienie organizmu.<\/li>\n\n\n\n<li><strong>Mi\u00f3d wielokwiatowy<\/strong> \u2013 \u0142agodny i uniwersalny, doskona\u0142y do codziennego stosowania, wzmacnia odporno\u015b\u0107 i dodaje energii.<\/li>\n\n\n\n<li><strong>Mi\u00f3d akacjowy<\/strong> \u2013 jasny, o \u0142agodnym, s\u0142odkim smaku, \u015bwietnie nadaje si\u0119 do s\u0142odzenia napoj\u00f3w i deser\u00f3w.<\/li>\n\n\n\n<li><strong>Mi\u00f3d gryczany<\/strong> \u2013 intensywny, lekko korzenny, bogaty w sk\u0142adniki mineralne, znany z w\u0142a\u015bciwo\u015bci antyoksydacyjnych.<\/li>\n<\/ul>\n\n\n\n<figure class=\"wp-block-image size-large\"><img loading=\"lazy\" decoding=\"async\" width=\"1024\" height=\"683\" src=\"https:\/\/mb.nexus-its.com\/wp-content\/uploads\/2024\/10\/2019-09-17-08-42-22-1024x683.jpg\" alt=\"\" class=\"wp-image-93\" srcset=\"https:\/\/mb.nexus-its.com\/wp-content\/uploads\/2024\/10\/2019-09-17-08-42-22-1024x683.jpg 1024w, https:\/\/mb.nexus-its.com\/wp-content\/uploads\/2024\/10\/2019-09-17-08-42-22-300x200.jpg 300w, https:\/\/mb.nexus-its.com\/wp-content\/uploads\/2024\/10\/2019-09-17-08-42-22-768x512.jpg 768w, https:\/\/mb.nexus-its.com\/wp-content\/uploads\/2024\/10\/2019-09-17-08-42-22-1536x1024.jpg 1536w, https:\/\/mb.nexus-its.com\/wp-content\/uploads\/2024\/10\/2019-09-17-08-42-22-2048x1365.jpg 2048w\" sizes=\"auto, (max-width: 1024px) 100vw, 1024px\" \/><\/figure>\n","protected":false},"excerpt":{"rendered":"<p>W naszej ofercie znajd\u0105 Pa\u0144stwo r\u00f3\u017cnorodne rodzaje miod\u00f3w, takie jak:<\/p>\n","protected":false},"author":1,"featured_media":0,"parent":0,"menu_order":0,"comment_status":"closed","ping_status":"closed","template":"","meta":{"footnotes":""},"class_list":["post-49","page","type-page","status-publish","hentry"],"_links":{"self":[{"href":"https:\/\/mb.nexus-its.com\/index.php?rest_route=\/wp\/v2\/pages\/49","targetHints":{"allow":["GET"]}}],"collection":[{"href":"https:\/\/mb.nexus-its.com\/index.php?rest_route=\/wp\/v2\/pages"}],"about":[{"href":"https:\/\/mb.nexus-its.com\/index.php?rest_route=\/wp\/v2\/types\/page"}],"author":[{"embeddable":true,"href":"https:\/\/mb.nexus-its.com\/index.php?rest_route=\/wp\/v2\/users\/1"}],"replies":[{"embeddable":true,"href":"https:\/\/mb.nexus-its.com\/index.php?rest_route=%2Fwp%2Fv2%2Fcomments&post=49"}],"version-history":[{"count":3,"href":"https:\/\/mb.nexus-its.com\/index.php?rest_route=\/wp\/v2\/pages\/49\/revisions"}],"predecessor-version":[{"id":114,"href":"https:\/\/mb.nexus-its.com\/index.php?rest_route=\/wp\/v2\/pages\/49\/revisions\/114"}],"wp:attachment":[{"href":"https:\/\/mb.nexus-its.com\/index.php?rest_route=%2Fwp%2Fv2%2Fmedia&parent=49"}],"curies":[{"name":"wp","href":"https:\/\/api.w.org\/{rel}","templated":true}]}}