{"id":28,"date":"2024-10-22T23:35:10","date_gmt":"2024-10-22T23:35:10","guid":{"rendered":"https:\/\/mb.nexus-its.com\/?page_id=28"},"modified":"2024-10-31T23:03:35","modified_gmt":"2024-10-31T23:03:35","slug":"o-nas","status":"publish","type":"page","link":"https:\/\/mb.nexus-its.com\/?page_id=28","title":{"rendered":"O nas"},"content":{"rendered":"\n<div class=\"wp-block-columns is-layout-flex wp-container-core-columns-is-layout-1 wp-block-columns-is-layout-flex\">\n<div class=\"wp-block-column is-layout-flow wp-block-column-is-layout-flow\">\n<p><strong>Gospodarstwo Pasieczne &#8222;S\u0142odka Przysta\u0144&#8221;<\/strong><\/p>\n\n\n\n<p>Witamy w naszym rodzinnym gospodarstwie pasiecznym &#8222;S\u0142odka Przysta\u0144&#8221;, gdzie z pasj\u0105 i zaanga\u017cowaniem tworzymy najwy\u017cszej jako\u015bci miody oraz produkty pszczele prosto z natury. Nasze pszczo\u0142y \u017cyj\u0105 w czystym, nieska\u017conym terenie, z dala od przemys\u0142owych zanieczyszcze\u0144, czerpi\u0105c z bogactwa polskich \u0142\u0105k, las\u00f3w i sad\u00f3w. Dzi\u0119ki temu mo\u017cemy zaoferowa\u0107 Pa\u0144stwu produkty o wyj\u0105tkowym smaku, aromacie i pe\u0142nym wachlarzu warto\u015bci od\u017cywczych.<\/p>\n<\/div>\n\n\n\n<div class=\"wp-block-column is-layout-flow wp-block-column-is-layout-flow\">\n<figure class=\"wp-block-image size-large\"><img loading=\"lazy\" decoding=\"async\" width=\"1024\" height=\"683\" src=\"https:\/\/mb.nexus-its.com\/wp-content\/uploads\/2024\/10\/honey-bees-401238_1920-1024x683.jpg\" alt=\"\" class=\"wp-image-98\" srcset=\"https:\/\/mb.nexus-its.com\/wp-content\/uploads\/2024\/10\/honey-bees-401238_1920-1024x683.jpg 1024w, https:\/\/mb.nexus-its.com\/wp-content\/uploads\/2024\/10\/honey-bees-401238_1920-300x200.jpg 300w, https:\/\/mb.nexus-its.com\/wp-content\/uploads\/2024\/10\/honey-bees-401238_1920-768x512.jpg 768w, https:\/\/mb.nexus-its.com\/wp-content\/uploads\/2024\/10\/honey-bees-401238_1920-1536x1025.jpg 1536w, https:\/\/mb.nexus-its.com\/wp-content\/uploads\/2024\/10\/honey-bees-401238_1920.jpg 1920w\" sizes=\"auto, (max-width: 1024px) 100vw, 1024px\" \/><\/figure>\n<\/div>\n<\/div>\n\n\n\n<div class=\"wp-block-columns is-layout-flex wp-container-core-columns-is-layout-2 wp-block-columns-is-layout-flex\">\n<div class=\"wp-block-column is-layout-flow wp-block-column-is-layout-flow\">\n<figure class=\"wp-block-image size-large\"><img loading=\"lazy\" decoding=\"async\" width=\"1024\" height=\"683\" src=\"https:\/\/mb.nexus-its.com\/wp-content\/uploads\/2024\/10\/2019-09-17-08-42-22-1024x683.jpg\" alt=\"\" class=\"wp-image-93\" srcset=\"https:\/\/mb.nexus-its.com\/wp-content\/uploads\/2024\/10\/2019-09-17-08-42-22-1024x683.jpg 1024w, https:\/\/mb.nexus-its.com\/wp-content\/uploads\/2024\/10\/2019-09-17-08-42-22-300x200.jpg 300w, https:\/\/mb.nexus-its.com\/wp-content\/uploads\/2024\/10\/2019-09-17-08-42-22-768x512.jpg 768w, https:\/\/mb.nexus-its.com\/wp-content\/uploads\/2024\/10\/2019-09-17-08-42-22-1536x1024.jpg 1536w, https:\/\/mb.nexus-its.com\/wp-content\/uploads\/2024\/10\/2019-09-17-08-42-22-2048x1365.jpg 2048w\" sizes=\"auto, (max-width: 1024px) 100vw, 1024px\" \/><\/figure>\n<\/div>\n\n\n\n<div class=\"wp-block-column is-layout-flow wp-block-column-is-layout-flow\">\n<p>W naszej ofercie znajd\u0105 Pa\u0144stwo r\u00f3\u017cnorodne rodzaje miod\u00f3w, takie jak:<\/p>\n\n\n\n<p><strong>Mi\u00f3d gryczany<\/strong> \u2013 intensywny, lekko korzenny, bogaty w sk\u0142adniki mineralne, znany z w\u0142a\u015bciwo\u015bci antyoksydacyjnych.<\/p>\n\n\n\n<p><strong>Mi\u00f3d lipowy<\/strong> \u2013 o delikatnym, kwiatowym aromacie i subtelnym posmaku mi\u0119ty, idealny na przezi\u0119bienia i wzmocnienie organizmu.<\/p>\n\n\n\n<p><strong>Mi\u00f3d wielokwiatowy<\/strong> \u2013 \u0142agodny i uniwersalny, doskona\u0142y do codziennego stosowania, wzmacnia odporno\u015b\u0107 i dodaje energii.<\/p>\n\n\n\n<p><strong>Mi\u00f3d akacjowy<\/strong> \u2013 jasny, o \u0142agodnym, s\u0142odkim smaku, \u015bwietnie nadaje si\u0119 do s\u0142odzenia napoj\u00f3w i deser\u00f3w.<\/p>\n<\/div>\n<\/div>\n\n\n\n<p><\/p>\n\n\n\n<div class=\"wp-block-columns is-layout-flex wp-container-core-columns-is-layout-3 wp-block-columns-is-layout-flex\">\n<div class=\"wp-block-column is-layout-flow wp-block-column-is-layout-flow\">\n<p>Dbamy o to, aby ka\u017cdy s\u0142oik miodu opuszczaj\u0105cy nasz\u0105 pasiek\u0119 by\u0142 esencj\u0105 natury i pracy naszych pszcz\u00f3\u0142. Nie stosujemy sztucznych dodatk\u00f3w ani proces\u00f3w przetw\u00f3rczych, kt\u00f3re mog\u0142yby zniszczy\u0107 naturalne w\u0142a\u015bciwo\u015bci miodu. Dzi\u0119ki temu nasze miody zachowuj\u0105 pe\u0142ni\u0119 witamin, minera\u0142\u00f3w i enzym\u00f3w, kt\u00f3re s\u0105 niezwykle cenne dla zdrowia.<\/p>\n\n\n\n<p>Zapraszamy do zapoznania si\u0119 z pe\u0142n\u0105 ofert\u0105 oraz do odwiedzenia naszej pasieki, gdzie na w\u0142asne oczy mo\u017cna zobaczy\u0107 proces powstawania miodu i pozna\u0107 tajniki pracy pszczelarzy.<\/p>\n\n\n\n<p><strong>&#8222;S\u0142odka Przysta\u0144&#8221; \u2013 naturalnie zdrowo, prosto z ula do Twojego sto\u0142u.<\/strong><\/p>\n<\/div>\n\n\n\n<div class=\"wp-block-column is-layout-flow wp-block-column-is-layout-flow\">\n<figure class=\"wp-block-image size-large\"><img loading=\"lazy\" decoding=\"async\" width=\"1024\" height=\"686\" src=\"https:\/\/mb.nexus-its.com\/wp-content\/uploads\/2024\/10\/bee-beehive-honeybee-honeycomb-beekeeper-insect-1534439-pxhere.com_-1024x686.jpg\" alt=\"\" class=\"wp-image-109\" srcset=\"https:\/\/mb.nexus-its.com\/wp-content\/uploads\/2024\/10\/bee-beehive-honeybee-honeycomb-beekeeper-insect-1534439-pxhere.com_-1024x686.jpg 1024w, https:\/\/mb.nexus-its.com\/wp-content\/uploads\/2024\/10\/bee-beehive-honeybee-honeycomb-beekeeper-insect-1534439-pxhere.com_-300x201.jpg 300w, https:\/\/mb.nexus-its.com\/wp-content\/uploads\/2024\/10\/bee-beehive-honeybee-honeycomb-beekeeper-insect-1534439-pxhere.com_-768x515.jpg 768w, https:\/\/mb.nexus-its.com\/wp-content\/uploads\/2024\/10\/bee-beehive-honeybee-honeycomb-beekeeper-insect-1534439-pxhere.com_-1536x1029.jpg 1536w, https:\/\/mb.nexus-its.com\/wp-content\/uploads\/2024\/10\/bee-beehive-honeybee-honeycomb-beekeeper-insect-1534439-pxhere.com_-2048x1372.jpg 2048w\" sizes=\"auto, (max-width: 1024px) 100vw, 1024px\" \/><\/figure>\n<\/div>\n<\/div>\n","protected":false},"excerpt":{"rendered":"<p>Gospodarstwo Pasieczne &#8222;S\u0142odka Przysta\u0144&#8221; Witamy w naszym rodzinnym gospodarstwie pasiecznym &#8222;S\u0142odka Przysta\u0144&#8221;, gdzie z pasj\u0105 i zaanga\u017cowaniem tworzymy najwy\u017cszej jako\u015bci miody oraz produkty pszczele prosto z natury. Nasze pszczo\u0142y \u017cyj\u0105 w czystym, nieska\u017conym terenie, z dala od przemys\u0142owych zanieczyszcze\u0144, czerpi\u0105c z bogactwa polskich \u0142\u0105k, las\u00f3w i sad\u00f3w. Dzi\u0119ki temu mo\u017cemy zaoferowa\u0107 Pa\u0144stwu produkty o wyj\u0105tkowym [&hellip;]<\/p>\n","protected":false},"author":1,"featured_media":0,"parent":0,"menu_order":0,"comment_status":"closed","ping_status":"closed","template":"","meta":{"footnotes":""},"class_list":["post-28","page","type-page","status-publish","hentry"],"_links":{"self":[{"href":"https:\/\/mb.nexus-its.com\/index.php?rest_route=\/wp\/v2\/pages\/28","targetHints":{"allow":["GET"]}}],"collection":[{"href":"https:\/\/mb.nexus-its.com\/index.php?rest_route=\/wp\/v2\/pages"}],"about":[{"href":"https:\/\/mb.nexus-its.com\/index.php?rest_route=\/wp\/v2\/types\/page"}],"author":[{"embeddable":true,"href":"https:\/\/mb.nexus-its.com\/index.php?rest_route=\/wp\/v2\/users\/1"}],"replies":[{"embeddable":true,"href":"https:\/\/mb.nexus-its.com\/index.php?rest_route=%2Fwp%2Fv2%2Fcomments&post=28"}],"version-history":[{"count":4,"href":"https:\/\/mb.nexus-its.com\/index.php?rest_route=\/wp\/v2\/pages\/28\/revisions"}],"predecessor-version":[{"id":113,"href":"https:\/\/mb.nexus-its.com\/index.php?rest_route=\/wp\/v2\/pages\/28\/revisions\/113"}],"wp:attachment":[{"href":"https:\/\/mb.nexus-its.com\/index.php?rest_route=%2Fwp%2Fv2%2Fmedia&parent=28"}],"curies":[{"name":"wp","href":"https:\/\/api.w.org\/{rel}","templated":true}]}}